{"id":211,"date":"2020-05-02T20:11:32","date_gmt":"2020-05-02T18:11:32","guid":{"rendered":"http:\/\/web68521.greatnet-hosting.de\/?post_type=product&#038;p=211"},"modified":"2020-05-04T19:36:58","modified_gmt":"2020-05-04T17:36:58","slug":"teelicht-zebrano","status":"publish","type":"product","link":"https:\/\/franksdrechselarbeiten.de\/?product=teelicht-zebrano","title":{"rendered":"Maxi Teelicht Zebrano"},"content":{"rendered":"<p>Zebrano<\/p>\n<p>Zebrano-Holz kommt aus Afrika. Der Name leitet sich von &#8222;Zebra&#8220; ab und beschreibt die charakteristische Maserung des Holzes, die es sehr exklusiv wirken l\u00e4sst.<\/p>\n<p>grobporig<\/p>\n<p>ge\u00f6lt und mit Wachs auf Hochglanz poliert<\/p>\n<p>Durchmesser: 10 cm<\/p>\n<p>H\u00f6he: 4,5 cm<\/p>\n<p>Bei Interesse schreiben Sie mir mit Angabe der Artikelnummer eine Mail an <a href=\"mailto:info@franksdrechselarbeiten.de\">info@franksdrechselarbeiten.de<\/a> .<br \/>\n&nbsp;<\/p>\n<p>&nbsp;<\/p>\n","protected":false},"excerpt":{"rendered":"<p>Zebrano Zebrano-Holz kommt aus Afrika. Der Name leitet sich von &#8222;Zebra&#8220; ab und beschreibt die charakteristische Maserung des Holzes, die es sehr exklusiv wirken l\u00e4sst. grobporig ge\u00f6lt und mit Wachs auf Hochglanz poliert Durchmesser: 10 cm H\u00f6he: 4,5 cm Bei Interesse schreiben Sie mir mit Angabe der Artikelnummer eine Mail an info@franksdrechselarbeiten.de . &nbsp; &nbsp;<\/p>\n","protected":false},"featured_media":149,"template":"","meta":[],"product_cat":[32],"product_tag":[],"jetpack_sharing_enabled":true,"_links":{"self":[{"href":"https:\/\/franksdrechselarbeiten.de\/index.php?rest_route=\/wp\/v2\/product\/211"}],"collection":[{"href":"https:\/\/franksdrechselarbeiten.de\/index.php?rest_route=\/wp\/v2\/product"}],"about":[{"href":"https:\/\/franksdrechselarbeiten.de\/index.php?rest_route=\/wp\/v2\/types\/product"}],"wp:featuredmedia":[{"embeddable":true,"href":"https:\/\/franksdrechselarbeiten.de\/index.php?rest_route=\/wp\/v2\/media\/149"}],"wp:attachment":[{"href":"https:\/\/franksdrechselarbeiten.de\/index.php?rest_route=%2Fwp%2Fv2%2Fmedia&parent=211"}],"wp:term":[{"taxonomy":"product_cat","embeddable":true,"href":"https:\/\/franksdrechselarbeiten.de\/index.php?rest_route=%2Fwp%2Fv2%2Fproduct_cat&post=211"},{"taxonomy":"product_tag","embeddable":true,"href":"https:\/\/franksdrechselarbeiten.de\/index.php?rest_route=%2Fwp%2Fv2%2Fproduct_tag&post=211"}],"curies":[{"name":"wp","href":"https:\/\/api.w.org\/{rel}","templated":true}]}}