{"id":242,"date":"2020-05-03T08:37:48","date_gmt":"2020-05-03T06:37:48","guid":{"rendered":"http:\/\/web68521.greatnet-hosting.de\/?post_type=product&#038;p=242"},"modified":"2020-05-07T06:58:09","modified_gmt":"2020-05-07T04:58:09","slug":"kl-schale-robinie","status":"publish","type":"product","link":"https:\/\/franksdrechselarbeiten.de\/?product=kl-schale-robinie","title":{"rendered":"kleine Schale Robinie"},"content":{"rendered":"<p>Robinie<br \/>\nIdeal f\u00fcr Knabbersachen wie N\u00fcsse etc&#8230;<br \/>\n3fach mit lebensmittelechtem Hartwachs\u00f6l ge\u00f6lt.<br \/>\nDurchmesser: ca. 10 cm<br \/>\nH\u00f6he: ca. 8 cm<\/p>\n<p>Bei Interesse schreiben Sie mir mit Angabe der Artikelnummer eine Mail an <a href=\"mailto:info@franksdrechselarbeiten.de\">info@franksdrechselarbeiten.de<\/a> .<\/p>\n<p>&nbsp;<\/p>\n<p>&nbsp;<\/p>\n","protected":false},"excerpt":{"rendered":"<p>Robinie Ideal f\u00fcr Knabbersachen wie N\u00fcsse etc&#8230; 3fach mit lebensmittelechtem Hartwachs\u00f6l ge\u00f6lt. Durchmesser: ca. 10 cm H\u00f6he: ca. 8 cm Bei Interesse schreiben Sie mir mit Angabe der Artikelnummer eine Mail an info@franksdrechselarbeiten.de . &nbsp; &nbsp;<\/p>\n","protected":false},"featured_media":192,"template":"","meta":[],"product_cat":[47],"product_tag":[],"jetpack_sharing_enabled":true,"_links":{"self":[{"href":"https:\/\/franksdrechselarbeiten.de\/index.php?rest_route=\/wp\/v2\/product\/242"}],"collection":[{"href":"https:\/\/franksdrechselarbeiten.de\/index.php?rest_route=\/wp\/v2\/product"}],"about":[{"href":"https:\/\/franksdrechselarbeiten.de\/index.php?rest_route=\/wp\/v2\/types\/product"}],"wp:featuredmedia":[{"embeddable":true,"href":"https:\/\/franksdrechselarbeiten.de\/index.php?rest_route=\/wp\/v2\/media\/192"}],"wp:attachment":[{"href":"https:\/\/franksdrechselarbeiten.de\/index.php?rest_route=%2Fwp%2Fv2%2Fmedia&parent=242"}],"wp:term":[{"taxonomy":"product_cat","embeddable":true,"href":"https:\/\/franksdrechselarbeiten.de\/index.php?rest_route=%2Fwp%2Fv2%2Fproduct_cat&post=242"},{"taxonomy":"product_tag","embeddable":true,"href":"https:\/\/franksdrechselarbeiten.de\/index.php?rest_route=%2Fwp%2Fv2%2Fproduct_tag&post=242"}],"curies":[{"name":"wp","href":"https:\/\/api.w.org\/{rel}","templated":true}]}}