{"id":440,"date":"2020-05-06T19:05:24","date_gmt":"2020-05-06T17:05:24","guid":{"rendered":"https:\/\/franksdrechselarbeiten.de\/?post_type=product&#038;p=440"},"modified":"2020-05-13T17:48:06","modified_gmt":"2020-05-13T15:48:06","slug":"pfeffermuehle-nussbaum-2","status":"publish","type":"product","link":"https:\/\/franksdrechselarbeiten.de\/?product=pfeffermuehle-nussbaum-2","title":{"rendered":"Pfefferm\u00fchle Nussbaum"},"content":{"rendered":"<p>Nussbaum<br \/>\nElegante Pfefferm\u00fchle mit hochwertigem CrushGrind Keramikmahlwerk.<br \/>\nDer M\u00fchlenkopf l\u00e4uft durch ein eingearbeitetes Kugellager ganz sauber und leicht im K\u00f6rper.<br \/>\nDie M\u00fchle kann auch f\u00fcr getrocknete Kr\u00e4uter oder Salz verwendet werden.<br \/>\nZum Reinigen des Mahlwerkes wird einfach etwas Salz darin zermahlen.<\/p>\n<p>Trickreich ist die Bef\u00fcllung durch einfaches Abziehen des M\u00fchlenkopfes.<br \/>\nSomit fehlt bei diesem modernen Mahlwerk der typische Einstellknopf am M\u00fchlenkopf und l\u00e4sst gestalterischen Spielraum zu.<br \/>\nDas Mahlwerk l\u00e4sst sich durch Drehen unten am Werk selbst im Mahlgrad fein justieren.<\/p>\n<p>3fach mit lebensmittelechtem Hartwachs\u00f6l ge\u00f6lt.<\/p>\n<p>Durchmesser: 5,5 cm<br \/>\nH\u00f6he: 25,5 cm<\/p>\n<p>Bei Interesse schreiben Sie mir mit Angabe der Artikelnummer eine Mail an <a href=\"mailto:info@franksdrechselarbeiten.de\">info@franksdrechselarbeiten.de<\/a> .<\/p>\n<p>&nbsp;<\/p>\n<p>&nbsp;<\/p>\n<p>&nbsp;<\/p>\n","protected":false},"excerpt":{"rendered":"<p>Nussbaum Elegante Pfefferm\u00fchle mit hochwertigem CrushGrind Keramikmahlwerk. Der M\u00fchlenkopf l\u00e4uft durch ein eingearbeitetes Kugellager ganz sauber und leicht im K\u00f6rper. Die M\u00fchle kann auch f\u00fcr getrocknete Kr\u00e4uter oder Salz verwendet werden. Zum Reinigen des Mahlwerkes wird einfach etwas Salz darin zermahlen. Trickreich ist die Bef\u00fcllung durch einfaches Abziehen des M\u00fchlenkopfes. Somit fehlt bei diesem modernen [&hellip;]<\/p>\n","protected":false},"featured_media":420,"template":"","meta":[],"product_cat":[46],"product_tag":[],"jetpack_sharing_enabled":true,"_links":{"self":[{"href":"https:\/\/franksdrechselarbeiten.de\/index.php?rest_route=\/wp\/v2\/product\/440"}],"collection":[{"href":"https:\/\/franksdrechselarbeiten.de\/index.php?rest_route=\/wp\/v2\/product"}],"about":[{"href":"https:\/\/franksdrechselarbeiten.de\/index.php?rest_route=\/wp\/v2\/types\/product"}],"wp:featuredmedia":[{"embeddable":true,"href":"https:\/\/franksdrechselarbeiten.de\/index.php?rest_route=\/wp\/v2\/media\/420"}],"wp:attachment":[{"href":"https:\/\/franksdrechselarbeiten.de\/index.php?rest_route=%2Fwp%2Fv2%2Fmedia&parent=440"}],"wp:term":[{"taxonomy":"product_cat","embeddable":true,"href":"https:\/\/franksdrechselarbeiten.de\/index.php?rest_route=%2Fwp%2Fv2%2Fproduct_cat&post=440"},{"taxonomy":"product_tag","embeddable":true,"href":"https:\/\/franksdrechselarbeiten.de\/index.php?rest_route=%2Fwp%2Fv2%2Fproduct_tag&post=440"}],"curies":[{"name":"wp","href":"https:\/\/api.w.org\/{rel}","templated":true}]}}