{"id":483,"date":"2020-05-07T07:00:02","date_gmt":"2020-05-07T05:00:02","guid":{"rendered":"https:\/\/franksdrechselarbeiten.de\/?post_type=product&#038;p=483"},"modified":"2020-05-07T07:00:02","modified_gmt":"2020-05-07T05:00:02","slug":"kleine-schale-robinie","status":"publish","type":"product","link":"https:\/\/franksdrechselarbeiten.de\/?product=kleine-schale-robinie","title":{"rendered":"kleine Schale Robinie"},"content":{"rendered":"<p>Robinie<br \/>\nIdeal f\u00fcr Knabbersachen wie N\u00fcsse etc&#8230;<br \/>\n3fach mit lebensmittelechtem Hartwachs\u00f6l ge\u00f6lt.<br \/>\nDurchmesser: ca. 11 cm<br \/>\nH\u00f6he: ca. 7,5 cm<\/p>\n<p>Bei Interesse schreiben Sie mir mit Angabe der Artikelnummer eine Mail an <a href=\"mailto:info@franksdrechselarbeiten.de\">info@franksdrechselarbeiten.de<\/a> .<\/p>\n<p>&nbsp;<\/p>\n<p>&nbsp;<\/p>\n","protected":false},"excerpt":{"rendered":"<p>Robinie Ideal f\u00fcr Knabbersachen wie N\u00fcsse etc&#8230; 3fach mit lebensmittelechtem Hartwachs\u00f6l ge\u00f6lt. Durchmesser: ca. 11 cm H\u00f6he: ca. 7,5 cm Bei Interesse schreiben Sie mir mit Angabe der Artikelnummer eine Mail an info@franksdrechselarbeiten.de . &nbsp; &nbsp;<\/p>\n","protected":false},"featured_media":466,"template":"","meta":[],"product_cat":[47],"product_tag":[],"jetpack_sharing_enabled":true,"_links":{"self":[{"href":"https:\/\/franksdrechselarbeiten.de\/index.php?rest_route=\/wp\/v2\/product\/483"}],"collection":[{"href":"https:\/\/franksdrechselarbeiten.de\/index.php?rest_route=\/wp\/v2\/product"}],"about":[{"href":"https:\/\/franksdrechselarbeiten.de\/index.php?rest_route=\/wp\/v2\/types\/product"}],"wp:featuredmedia":[{"embeddable":true,"href":"https:\/\/franksdrechselarbeiten.de\/index.php?rest_route=\/wp\/v2\/media\/466"}],"wp:attachment":[{"href":"https:\/\/franksdrechselarbeiten.de\/index.php?rest_route=%2Fwp%2Fv2%2Fmedia&parent=483"}],"wp:term":[{"taxonomy":"product_cat","embeddable":true,"href":"https:\/\/franksdrechselarbeiten.de\/index.php?rest_route=%2Fwp%2Fv2%2Fproduct_cat&post=483"},{"taxonomy":"product_tag","embeddable":true,"href":"https:\/\/franksdrechselarbeiten.de\/index.php?rest_route=%2Fwp%2Fv2%2Fproduct_tag&post=483"}],"curies":[{"name":"wp","href":"https:\/\/api.w.org\/{rel}","templated":true}]}}